{"id":97,"date":"2021-03-24T11:03:26","date_gmt":"2021-03-24T11:03:26","guid":{"rendered":"http:\/\/shop.andresmerida.com\/aviso-legal\/"},"modified":"2021-05-04T12:46:40","modified_gmt":"2021-05-04T12:46:40","slug":"legal-advice","status":"publish","type":"page","link":"https:\/\/shop.andresmerida.com\/en\/legal-advice\/","title":{"rendered":"Legal Advice"},"content":{"rendered":"[vc_row type=&#8221;in_container&#8221; full_screen_row_position=&#8221;middle&#8221; column_margin=&#8221;default&#8221; column_direction=&#8221;default&#8221; column_direction_tablet=&#8221;default&#8221; column_direction_phone=&#8221;default&#8221; scene_position=&#8221;center&#8221; text_color=&#8221;dark&#8221; text_align=&#8221;left&#8221; row_border_radius=&#8221;none&#8221; row_border_radius_applies=&#8221;bg&#8221; overlay_strength=&#8221;0.3&#8243; gradient_direction=&#8221;left_to_right&#8221; shape_divider_position=&#8221;bottom&#8221; bg_image_animation=&#8221;none&#8221;][vc_column column_padding=&#8221;no-extra-padding&#8221; column_padding_tablet=&#8221;inherit&#8221; column_padding_phone=&#8221;inherit&#8221; column_padding_position=&#8221;all&#8221; column_element_spacing=&#8221;default&#8221; background_color_opacity=&#8221;1&#8243; background_hover_color_opacity=&#8221;1&#8243; column_shadow=&#8221;none&#8221; column_border_radius=&#8221;none&#8221; column_link_target=&#8221;_self&#8221; gradient_direction=&#8221;left_to_right&#8221; overlay_strength=&#8221;0.3&#8243; width=&#8221;1\/1&#8243; tablet_width_inherit=&#8221;default&#8221; tablet_text_alignment=&#8221;default&#8221; phone_text_alignment=&#8221;default&#8221; bg_image_animation=&#8221;none&#8221; border_type=&#8221;simple&#8221; column_border_width=&#8221;none&#8221; column_border_style=&#8221;solid&#8221;][vc_column_text]<strong>1.- INTRODUCCI\u00d3N<\/strong><\/p>\n<p>El presente documento tiene como finalidad el establecer y regular las normas de uso as\u00ed como la salvaguardia de los datos del Sitio www.andresmerida.com (en adelante el \u201cSitio\u201d), entendiendo por Sitio todas las p\u00e1ginas y sus contenidos propiedad de Andr\u00e9s M\u00e9rida. a las cuales se accede a trav\u00e9s del dominio www.andresmerida.com.<\/p>\n<p>La utilizaci\u00f3n de esta p\u00e1gina, as\u00ed como de los servicios que en ella se pone a disposici\u00f3n del usuario, supondr\u00e1 la aceptaci\u00f3n plena y sin reservas de todas y cada una de las condiciones generales recogidas en la presente Informaci\u00f3n Legal (en adelante las \u201cCondiciones Generales\u201d), por lo que el usuario deber\u00e1 de ser consciente de la importancia de leerlas cada vez que visite el Sitio. El hecho de acceder a este Sitio implica el conocimiento y aceptaci\u00f3n de las siguientes Condiciones Generales por lo que Andr\u00e9s M\u00e9rida recomienda al usuario su impresi\u00f3n o su descarga y lectura detallada cada vez que acceda al Sitio.<\/p>\n<p><strong>2.- INFORMACI\u00d3N GENERAL<\/strong><\/p>\n<p>El titular del presente Sitio es Andr\u00e9s M\u00e9rida y direcci\u00f3n de correo electr\u00f3nico correo@andresmerida.com.<\/p>\n<p><strong>3.- USO DEL SITIO<\/strong><\/p>\n<p>Mediante la aceptaci\u00f3n de las presentes Condiciones Generales el usuario se compromete a usar el presente Sitio y los servicios puestos a su disposici\u00f3n en el mismo, de la manera y en la forma que en \u00e9l mismo se establece. Quedando obligado a no utilizar el presente Sitio y sus servicios con fines il\u00edcitos y\/o contrarios a los fines establecidos en estas Condiciones Generales, que pudieran ser lesivos de derechos y\/o intereses de terceros o que de cualquier forma puedan da\u00f1ar el presente Sitio o impedir su correcto funcionamiento o de los servicios que en \u00e9l se ofrecen u ofrecieran en el futuro.<\/p>\n<p><strong>4.- \u00c1MBITO DEL SITIO. RESPONSABILIDAD DEL USUARIO<\/strong><\/p>\n<p>Se encuentra comprendida en este Sitio la p\u00e1gina www.andresmerida.com.<br \/>\nEl acceso a este Sitio es responsabilidad exclusiva de los usuarios. Los riesgos derivados de la utilizaci\u00f3n del Sitio por el usuario ser\u00e1n a su \u00fanico y exclusivo cargo. No es objeto de garant\u00eda por parte de Andr\u00e9s M\u00e9rida:<br \/>\n(I) la infalibilidad, la disponibilidad, la continuidad, la inexistencia de deficiencias y la seguridad del Sitio;<br \/>\n(II) que el contenido del Sitio o la informaci\u00f3n que pasa a trav\u00e9s de \u00e9l est\u00e9 libre de virus o de otros elementos lesivos as\u00ed como de errores, omisiones o incorrecciones;<br \/>\n(III) la seguridad en la utilizaci\u00f3n que el usuario haga del Sitio; Andr\u00e9s M\u00e9rida no ser\u00e1 responsable de posibles da\u00f1os o perjuicios que se pudieran derivar de interferencias omisiones, interrupciones, virus inform\u00e1ticos, aver\u00edas telef\u00f3nicas o desconexiones en el funcionamiento operativo de este sistema electr\u00f3nico, motivadas por causas ajenas a Andr\u00e9s M\u00e9rida; de retrasos o bloqueos en el uso del presente sistema electr\u00f3nico causados por deficiencias o sobrecargas en su Centro de Procesos de Datos, de l\u00edneas telef\u00f3nicas , en el sistema de Internet o en otros sistemas electr\u00f3nicos; ni tampoco de da\u00f1os que puedan ser causados por terceras personas mediante intromisiones ileg\u00edtimas fuera del control de Andr\u00e9s M\u00e9rida.<\/p>\n<p>Asimismo, se exonera a Andr\u00e9s M\u00e9rida de responsabilidad ante cualquier da\u00f1o o perjuicio que pudiera sufrir el usuario como consecuencia de errores, defectos u omisiones, en la informaci\u00f3n facilitada por Andr\u00e9s M\u00e9rida siempre que proceda de fuentes ajenas.<\/p>\n<p>El mero acceso a este Sitio no supone entablar ning\u00fan tipo de relaci\u00f3n de car\u00e1cter comercial entre Andr\u00e9s M\u00e9rida y el usuario.<\/p>\n<p><strong>5.- ACTUALIDAD Y MODIFICACI\u00d3N DE LA INFORMACI\u00d3N<\/strong><\/p>\n<p>La informaci\u00f3n que aparece en este Sitio es la vigente en la fecha de su \u00faltima actualizaci\u00f3n. Andr\u00e9s M\u00e9rida se reserva el derecho a actualizar, modificar o eliminar la informaci\u00f3n de este Sitio, pudiendo limitar o no permitir el acceso al mismo. Andr\u00e9s M\u00e9rida se reserva la facultad de efectuar, en cualquier momento, cuantos cambios y modificaciones estime convenientes, pudiendo hacer uso de tal facultad en cualquier momento y sin previo aviso.<\/p>\n<p><strong>6.- CONTENIDOS<\/strong><\/p>\n<p>Andr\u00e9s M\u00e9rida realiza los m\u00e1ximos esfuerzos para evitar cualquier error en los contenidos que pudieran aparecer en este Sitio. Andr\u00e9s M\u00e9rida no garantiza, ni se responsabiliza de las consecuencias que pudieran derivarse de los errores en los contenidos que pudieran aparecer en este Sitio proporcionados por terceros. Andr\u00e9s M\u00e9rida no se responsabiliza en modo alguno de aquellos contenidos, actividades comerciales, productos y servicios incluidos que pudiesen visualizarse mediante enlaces electr\u00f3nicos (links) si los hubiera y cuando los hubiere, de forma directa o indirectamente, a trav\u00e9s de este Sitio. La presencia de links en el Sitio de Andr\u00e9s M\u00e9rida, salvo manifestaci\u00f3n expresa en contrario, tiene una finalidad meramente informativa y en ning\u00fan caso supone sugerencia, invitaci\u00f3n o recomendaci\u00f3n sobre los mismos. Estos enlaces no representan ning\u00fan tipo de relaci\u00f3n entre Andr\u00e9s M\u00e9rida y las empresas o particulares titulares de los sitios webs a los que puede accederse mediante estos enlaces. Andr\u00e9s M\u00e9rida se reserva el derecho de retirar de modo unilateral y en cualquier momento y sin previo aviso los enlaces que pudieran aparecer en su Sitio. Andr\u00e9s M\u00e9rida se reserva el derecho a impedir o prohibir el acceso al Sitio a cualquier usuario de Internet que introduzca en este Sitio cualquier contenido contrario a las normas legales o sea inmoral, reserv\u00e1ndose el derecho de ejercer las medidas legales que estime oportunas para evitar este tipo de conductas.<\/p>\n<p><strong>7.- NAVEGACI\u00d3N, ACCESO Y SEGURIDAD<\/strong><\/p>\n<p>Andr\u00e9s M\u00e9rida realiza los m\u00e1ximos esfuerzos para que la navegaci\u00f3n se realice en las mejores condiciones y evitar los perjuicios de cualquier tipo que pudiesen ocasionarse durante la misma. Andr\u00e9s M\u00e9rida no se hace responsable de los perjuicios, de cualquier \u00edndole, que pudieran ocasionarse a los usuarios por la utilizaci\u00f3n de otros navegadores o versiones distintas de los navegadores para los que ha sido dise\u00f1ado el Sitio.<\/p>\n<p>Andr\u00e9s M\u00e9rida no se responsabiliza ni garantiza que el acceso a este Sitio sea ininterrumpido o que est\u00e9 libre de error. Tampoco se responsabiliza o garantiza que el contenido o software al que pueda accederse a trav\u00e9s de este Sitio, est\u00e9 libre de error o cause un da\u00f1o. En ning\u00fan caso Andr\u00e9s M\u00e9rida ser\u00e1 responsable por las p\u00e9rdidas, da\u00f1os o perjuicios de cualquier tipo que surjan por el acceso y el uso del Sitio, incluy\u00e9ndose pero no limit\u00e1ndose, a los ocasionados a los sistemas inform\u00e1ticos o los provocados por la introducci\u00f3n de virus. Andr\u00e9s M\u00e9rida no se hace responsable de los da\u00f1os que pudiesen ocasionarse a los usuarios por un uso inadecuado de este Sitio. En particular, no se hace responsable en modo alguno de las ca\u00eddas, interrupciones, falta o defecto de las telecomunicaciones que pudieran ocurrir.<\/p>\n<p>Los servicios ofertados en este Sitio s\u00f3lo pueden ser utilizados correctamente si se cumplen las especificaciones t\u00e9cnicas para las que ha sido dise\u00f1ado.<\/p>\n<p><strong>8.- PROPIEDAD INTELECTUAL Y DERECHOS DE AUTOR<\/strong><\/p>\n<p>Andr\u00e9s M\u00e9rida declara que salvo que se indique lo contrario en el Sitio, obras, textos, im\u00e1genes, ilustraciones, dise\u00f1os, iconos, fotograf\u00edas, segmentos de v\u00eddeo, segmentos de sonido y dem\u00e1s materiales que se encuentren en el Sitio y cualesquiera otras creaciones intelectuales y\/o invenciones o descubrimientos cient\u00edficos y t\u00e9cnicos, cualquiera que sea su aplicaci\u00f3n empresarial o industrial (en adelante colectivamente denominados el \u201cContenido\u201d) han sido creados o inventados por Andr\u00e9s M\u00e9rida o cedidos, licenciados, transmitidos o autorizados a \u00e9sta por sus titulares y\/o cesionarios.<\/p>\n<p>El Usuario se compromete a no suprimir o alterar cualesquiera signo distintivo utilizado en el Sitio, tales como, con car\u00e1cter no exhaustivo, marcas, nombres comerciales (obras, gr\u00e1ficos, logotipos, etc), el \u201ccopyright\u201d y dem\u00e1s datos identificativos de los derechos de Andr\u00e9s M\u00e9rida o de terceros titulares incorporados en el Sitio.<\/p>\n<p>Son propiedad de Andr\u00e9s M\u00e9rida igualmente todos los derechos sobre cualesquiera obras, inventos, descubrimientos, patentes, ideas, conceptos, actualizaciones y las mejoras relacionadas con el Sitio, sus sistemas, aplicaciones y programas o con los servicios que Andr\u00e9s M\u00e9rida presta, que sean creados, realizados, desarrollados o puestos en pr\u00e1ctica por primera vez por Andr\u00e9s M\u00e9rida , ya sea por s\u00ed sola o con la ayuda de los usuarios del Sitio, en el transcurso o como resultado de alg\u00fan dise\u00f1o, desarrollo o cualquier otra tarea realizada de conformidad con el Contrato.<\/p>\n<p>El Usuario no podr\u00e1 utilizar el nombre ni las marcas, s\u00edmbolos, logos o signos distintivos de titularidad de por Andr\u00e9s M\u00e9rida sin el consentimiento expreso y escrito de \u00e9sta.<\/p>\n<p>En caso de que cualquier usuario o tercero considere que cualquiera de los contenidos existentes en la Sitio suponga una violaci\u00f3n de los derechos de autor u otros derechos de protecci\u00f3n de la propiedad intelectual, rogamos que lo comunique a la siguiente direcci\u00f3n: correo@andresmerida.com<\/p>\n<p><strong>9.- JURISDICCI\u00d3N Y LEGISLACI\u00d3N APLICABLE<\/strong><\/p>\n<p>Las Normas de Uso que se encuentran en el presente Acuerdo Legal, se rigen por la ley Espa\u00f1ola. Tanto Andr\u00e9s M\u00e9rida como los usuarios del Sitio est\u00e1n de acuerdo en que para cualquier discrepancia que pueda surgir en cuanto a la interpretaci\u00f3n, cumplimiento y\/o ejecuci\u00f3n, de las presentes normas se someter\u00e1n expresamente a la jurisdicci\u00f3n de los Jueces y Tribunales competentes de M\u00e1laga Capital, con renuncia expresa, a cualquier otro fuero que pudiera corresponderles.[\/vc_column_text][\/vc_column][\/vc_row]\n","protected":false},"excerpt":{"rendered":"<p>[vc_row type=&#8221;in_container&#8221; full_screen_row_position=&#8221;middle&#8221; column_margin=&#8221;default&#8221; column_direction=&#8221;default&#8221; column_direction_tablet=&#8221;default&#8221; column_direction_phone=&#8221;default&#8221; scene_position=&#8221;center&#8221; text_color=&#8221;dark&#8221; text_align=&#8221;left&#8221; row_border_radius=&#8221;none&#8221; row_border_radius_applies=&#8221;bg&#8221; overlay_strength=&#8221;0.3&#8243; gradient_direction=&#8221;left_to_right&#8221; shape_divider_position=&#8221;bottom&#8221; bg_image_animation=&#8221;none&#8221;][vc_column column_padding=&#8221;no-extra-padding&#8221; column_padding_tablet=&#8221;inherit&#8221; column_padding_phone=&#8221;inherit&#8221; column_padding_position=&#8221;all&#8221; column_element_spacing=&#8221;default&#8221; background_color_opacity=&#8221;1&#8243; background_hover_color_opacity=&#8221;1&#8243; column_shadow=&#8221;none&#8221; column_border_radius=&#8221;none&#8221; column_link_target=&#8221;_self&#8221; gradient_direction=&#8221;left_to_right&#8221; overlay_strength=&#8221;0.3&#8243; width=&#8221;1\/1&#8243; tablet_width_inherit=&#8221;default&#8221;&#8230;<\/p>\n","protected":false},"author":3,"featured_media":0,"parent":0,"menu_order":0,"comment_status":"closed","ping_status":"closed","template":"","meta":{"footnotes":""},"class_list":["post-97","page","type-page","status-publish"],"_links":{"self":[{"href":"https:\/\/shop.andresmerida.com\/en\/wp-json\/wp\/v2\/pages\/97"}],"collection":[{"href":"https:\/\/shop.andresmerida.com\/en\/wp-json\/wp\/v2\/pages"}],"about":[{"href":"https:\/\/shop.andresmerida.com\/en\/wp-json\/wp\/v2\/types\/page"}],"author":[{"embeddable":true,"href":"https:\/\/shop.andresmerida.com\/en\/wp-json\/wp\/v2\/users\/3"}],"replies":[{"embeddable":true,"href":"https:\/\/shop.andresmerida.com\/en\/wp-json\/wp\/v2\/comments?post=97"}],"version-history":[{"count":3,"href":"https:\/\/shop.andresmerida.com\/en\/wp-json\/wp\/v2\/pages\/97\/revisions"}],"predecessor-version":[{"id":441,"href":"https:\/\/shop.andresmerida.com\/en\/wp-json\/wp\/v2\/pages\/97\/revisions\/441"}],"wp:attachment":[{"href":"https:\/\/shop.andresmerida.com\/en\/wp-json\/wp\/v2\/media?parent=97"}],"curies":[{"name":"wp","href":"https:\/\/api.w.org\/{rel}","templated":true}]}}