{"id":99,"date":"2021-03-24T10:02:23","date_gmt":"2021-03-24T10:02:23","guid":{"rendered":"http:\/\/shop.andresmerida.com\/condiciones-de-venta\/"},"modified":"2021-05-05T11:26:42","modified_gmt":"2021-05-05T11:26:42","slug":"terms-of-sale","status":"publish","type":"page","link":"https:\/\/shop.andresmerida.com\/en\/terms-of-sale\/","title":{"rendered":"Terms of sale"},"content":{"rendered":"[vc_row type=&#8221;in_container&#8221; full_screen_row_position=&#8221;middle&#8221; column_margin=&#8221;default&#8221; column_direction=&#8221;default&#8221; column_direction_tablet=&#8221;default&#8221; column_direction_phone=&#8221;default&#8221; scene_position=&#8221;center&#8221; text_color=&#8221;dark&#8221; text_align=&#8221;left&#8221; row_border_radius=&#8221;none&#8221; row_border_radius_applies=&#8221;bg&#8221; overlay_strength=&#8221;0.3&#8243; gradient_direction=&#8221;left_to_right&#8221; shape_divider_position=&#8221;bottom&#8221; bg_image_animation=&#8221;none&#8221;][vc_column column_padding=&#8221;no-extra-padding&#8221; column_padding_tablet=&#8221;inherit&#8221; column_padding_phone=&#8221;inherit&#8221; column_padding_position=&#8221;all&#8221; column_element_spacing=&#8221;default&#8221; background_color_opacity=&#8221;1&#8243; background_hover_color_opacity=&#8221;1&#8243; column_shadow=&#8221;none&#8221; column_border_radius=&#8221;none&#8221; column_link_target=&#8221;_self&#8221; gradient_direction=&#8221;left_to_right&#8221; overlay_strength=&#8221;0.3&#8243; width=&#8221;1\/1&#8243; tablet_width_inherit=&#8221;default&#8221; tablet_text_alignment=&#8221;default&#8221; phone_text_alignment=&#8221;default&#8221; bg_image_animation=&#8221;none&#8221; border_type=&#8221;simple&#8221; column_border_width=&#8221;none&#8221; column_border_style=&#8221;solid&#8221;][vc_column_text]\n<ol>\n<li><strong> DATOS IDENTIFICATIVOS DEL RESPONSABLE DE LOS CONTENIDOS DE LA TIENDA ONLINE: <\/strong><\/li>\n<\/ol>\n<ul>\n<li>Nombre de dominio: http:\/\/shop.andresmerida.com\/<\/li>\n<li>Nombre comercial: http:\/\/shop.andresmerida.com\/<\/li>\n<li>Denominaci\u00f3n social\/ Nombre legal: Andr\u00e9s M\u00e9rida Guzm\u00e1n<\/li>\n<li>NIF: 25089274T<\/li>\n<li>Domicilio social: C\/ Arces, 17 Apartamento 55 \u2013 29018 M\u00e1laga<\/li>\n<li>Tel\u00e9fono: +34 678 61 45 91<\/li>\n<li>E-mail: correo@andresmerida.com.<\/li>\n<\/ul>\n<p><strong>DESCRIPCI\u00d3N: <\/strong><\/p>\n<p>https:\/\/shop.andresmerida.com\/. es la tienda online de obras del pintor Andr\u00e9s M\u00e9rida Guzm\u00e1n. Encontrar\u00e1s m\u00e1s informaci\u00f3n sobre el artista en la secci\u00f3n \u201cInicio\u00a0Sobre A. M\u00e9rida\u201d.<\/p>\n<ol>\n<li><strong> GENERALES:<\/strong><\/li>\n<\/ol>\n<p>Las presentes condiciones generales de venta se aplican estrictamente a todas las ventas de productos efectuadas shop.andresmerida.com, Todo pedido hecho a shop.andresmerida.com. implica necesariamente a t\u00edtulo de condici\u00f3n esencial, determinante e imprescindible, la aceptaci\u00f3n sin reservas por el Cliente de las Condiciones Generales de Venta shop.andresmerida.com vigentes el d\u00eda en que se lleve a cabo el pedido correspondiente. Adem\u00e1s, el Cliente reconoce que la aceptaci\u00f3n de las presentes condiciones implicar\u00e1 la aplicaci\u00f3n de \u00e9stas al pedido al que se refieren, as\u00ed como a todo pedido posterior, con excepci\u00f3n de aquellos casos en que nuevas condiciones sean puestas en su conocimiento por shop.andresmerida.com. El hecho que shop.andresmerida.com. no recurra en un momento dado a cualquiera de las presentes condiciones no puede ser interpretado ni equivaldr\u00e1 a renunciar a recurrir a ellas en el futuro o en el pasado.<\/p>\n<p>Ley aplicable y jurisdicci\u00f3n competente: la interpretaci\u00f3n y la ejecuci\u00f3n de las condiciones, as\u00ed como todos los actos que se sean consecuencia de ellas, quedar\u00e1n sometidos al derecho espa\u00f1ol, salvo que existan disposiciones de orden p\u00fablico contrarias a ello.<\/p>\n<p><strong>Uso de https:\/\/shop.andresmerida.com<\/strong><\/p>\n<p>Al hacer uso de esta p\u00e1gina web y realizar pedidos a trav\u00e9s de la misma usted se compromete a:<\/p>\n<ul>\n<li>Hacer uso de esta p\u00e1gina web \u00fanicamente para realizar consultas o pedidos legalmente v\u00e1lidos.<\/li>\n<li>No realizar ning\u00fan pedido falso o fraudulento. Si razonablemente se pudiera considerar que se ha hecho un pedido de esta \u00edndole estaremos autorizados a anularlo e informar a las autoridades pertinentes.<\/li>\n<li>Facilitarnos su direcci\u00f3n de correo electr\u00f3nico, direcci\u00f3n postal y\/u otros datos de contacto de forma veraz y exacta. Asimismo, consiente que podremos hacer uso de dicha informaci\u00f3n para ponernos en contacto con usted si es necesario (ver nuestra Pol\u00edtica de Privacidad).<\/li>\n<li>Si no nos facilita usted toda la informaci\u00f3n que necesitamos, no podremos cursar su pedido.<\/li>\n<li>Al realizar un pedido a trav\u00e9s de esta p\u00e1gina web, usted declara ser mayor de 18 a\u00f1os y tener capacidad legal para celebrar contratos.<\/li>\n<\/ul>\n<p><strong>\u00a02. PRECIOS:<\/strong><\/p>\n<p>Los precios publicados en La tienda On-Line de shop.andresmerida.com. son en Euros y son vigentes.<\/p>\n<p>El precio del art\u00edculo deber\u00e1 ser incrementado por los gastos de env\u00edo.<\/p>\n<p>Los precios indicados son v\u00e1lidos salvo error tipogr\u00e1fico.<\/p>\n<p><b>IVA<\/b><\/p>\n<p>El IVA esta incluido en todos los art\u00edculos para los pa\u00edses de la Uni\u00f3n Europea. Fuera de esta, no deber\u00e1 deducirse el IVA ya que no se incluye en el precio.<\/p>\n<p><strong>3. MODOS DE PAGO:<\/strong><\/p>\n<p>Al formular el pedido, el cliente puede elegir libremente abonar las compras que realice en \u00a0shop.andresmerida.com mediante trasferencia bancaria, tarjeta Visa y MasterCard, cuyo uso debe ser expl\u00edcito para el particular de la misma.<\/p>\n<p><strong>SEGURIDAD<\/strong><br \/>\nEn shop.andresmerida.com. utilizamos la tecnolog\u00eda SSL, que nos permite encriptar los datos que nos facilitas y evitar el acceso de terceros a los mismos. Sin embargo, la protecci\u00f3n m\u00e1s importante es tu propia contrase\u00f1a. Nunca facilites tu contrase\u00f1a a terceros y evita que tu cuenta sea accesible. Nos atenemos a las normativas y leyes vigentes de protecci\u00f3n de datos. Los datos que facilites s\u00f3lo se utilizar\u00e1n para la tramitaci\u00f3n de pedidos y la constante mejora de nuestros servicios, pero jam\u00e1s los cederemos a terceros sin tu consentimiento previo.<\/p>\n<p><strong>PAGO CON TARJETA DE CR\u00c9DITO<\/strong><\/p>\n<p>El pago con tarjeta de cr\u00e9dito te garantiza una forma de pago simple y segura.<\/p>\n<p>Aceptamos el pago v\u00eda MasterCard, Visa.<\/p>\n<p>El importe se cargar\u00e1 en tu tarjeta de cr\u00e9dito inmediatamente despu\u00e9s de enviar tu pedido.<\/p>\n<p>En caso de devoluci\u00f3n, tras la recepci\u00f3n y comprobaci\u00f3n por parte de shop.andresmerida.com. del producto, se tramitar\u00e1 la devoluci\u00f3n de su importe en la misma modalidad en la que fue abonado.<\/p>\n<p>No almacenamos informaci\u00f3n de tu tarjeta de cr\u00e9dito, nuestro sistema abre una pasarela de pago seguro con el banco y es este el que se encarga del proceso.<\/p>\n<p><strong>PAGO POR TRANSFERENCIA BANCARIA<\/strong><\/p>\n<p>Con este m\u00e9todo de pago, recibir\u00e1s un correo electr\u00f3nico despu\u00e9s de finalizar tu compra; en \u00e9l encontrar\u00e1s los datos bancarios de Andr\u00e9s M\u00e9rida Guzm\u00e1n para que puedas hacer la transferencia del importe.<\/p>\n<p>Reservaremos el pedido durante 7 d\u00edas y se empezar\u00e1 a preparar una vez recibamos el pago por tu parte.<\/p>\n<p>Importante: para que podamos asociar el pago de inmediato, es imprescindible que pongas el n\u00famero de pedido como concepto de la transferencia. Este n\u00famero lo encontrar\u00e1s en el correo de confirmaci\u00f3n de la compra. No utilices el n\u00famero de factura, por favor.<\/p>\n<p>Cuando devuelves un pedido pagado con transferencia bancaria, te reembolsamos el importe de la compra en la misma cuenta desde la que realizaste la transferencia.<\/p>\n<p>Por favor, aseg\u00farate de tener acceso a esta cuenta en todo momento.<\/p>\n<p><strong>5. ENV\u00cdOS:<\/strong><\/p>\n<p>Los productos adquiridos se entregar\u00e1n a la persona y a la direcci\u00f3n indicada en el pedido.<\/p>\n<p>Los s\u00e1bados, domingos y festivos no habr\u00e1 ni salida ni entrega de pedidos.<\/p>\n<p>En los periodos de alta demanda como agosto y Navidades pueden variar los plazos de entrega para m\u00e1s informaci\u00f3n puede escribir a: correo@andresmerida.com.<\/p>\n<p>Un pedido se considera entregado en el momento en que el transportista entrega el paquete o los paquetes al cliente y este firma el documento de recepci\u00f3n de entrega. Corresponde al cliente verificar el estado de la mercanc\u00eda a la recepci\u00f3n e indicar todas las anomal\u00edas en el albar\u00e1n de recepci\u00f3n de entrega.<\/p>\n<p><strong>Obra impresa en papel<\/strong>:\u00a0 Se env\u00eda enrollada en tubo de cart\u00f3n.\u00a0 Env\u00edo desde que se realiza el pago dentro de un plazo aproximado de 10 d\u00edas. Si es fuera de Espa\u00f1a 20 d\u00edas aproximadamente.<\/p>\n<p><strong>Obra impresa en lienzo con bastidor:<\/strong>\u00a0 Se env\u00eda envuelto en pl\u00e1stico con esquineras protectoras y con embalaje de cart\u00f3n.\u00a0 Env\u00edo desde que se realiza el pago dentro de un plazo aproximado de 12 d\u00edas. Si es fuera de Espa\u00f1a 20 d\u00edas aproximadamente.<\/p>\n<p><strong>Obra impresa en lienzo sin bastidor:<\/strong> Se env\u00eda enrollada en tubo de cart\u00f3n.\u00a0 Env\u00edo desde que se realiza el pago dentro de un plazo aproximado de 10 d\u00edas. Si es fuera de Espa\u00f1a 20 d\u00edas aproximadamente.<\/p>\n<p>Si por cualquier motivo hubiese un retraso shop.andresmerida.com se pondr\u00eda en contacto directamente con el cliente para informarle.<\/p>\n<p><strong>6. POL\u00cdTICAS DE RETORNO, DEVOLUCIONES Y ANULACIONES:<\/strong><\/p>\n<p><strong>6.1. DEVOLUCI\u00d3N DE MERCANC\u00cdA:<\/strong><\/p>\n<p>La devoluci\u00f3n solo se realizar\u00e1 en caso de impresi\u00f3n defectuosa o rotura.<\/p>\n<p>El plazo de devoluci\u00f3n ser\u00e1 de 15 d\u00edas, despu\u00e9s de este plazo no se admiten devoluciones.<\/p>\n<p>Para tal efecto, debe escribir un correo electr\u00f3nico a <a href=\"mailto:correo@andresmerida.com\">correo@andresmerida.com<\/a>.e indicar el motivo de la devoluci\u00f3n.<\/p>\n<p>Tras la recepci\u00f3n y comprobaci\u00f3n por parte de shop.andresmerida.com del producto, se tramitar\u00e1 la devoluci\u00f3n de su importe en la misma modalidad en la que fue abonado.<\/p>\n<p>La devoluci\u00f3n mediante correo certificado o con acuse de recibo ser\u00e1n abonados por el cliente y en ning\u00fan caso shop.andresmerida.com aceptar\u00e1 devoluciones realizadas a portes debidos.<\/p>\n<p>En el caso de art\u00edculos defectuosos o en pedidos que no corresponde a lo solicitado, shop.andresmerida.com correr\u00e1 con los gastos de la devoluci\u00f3n y nuevo env\u00edo.<\/p>\n<p><strong>6.2. ANULACI\u00d3N DE PEDIDO:<\/strong><\/p>\n<p>Si la anulaci\u00f3n del pedido llega antes de la salida de mercanc\u00eda el cliente no tendr\u00e1 ning\u00fan gasto. En el caso de una anulaci\u00f3n despu\u00e9s de la salida del pedido, el cliente tendr\u00e1 a su cargo los gastos de env\u00edo as\u00ed como los gastos de devoluci\u00f3n de este mismo pedido.<\/p>\n<p>Si la cancelaci\u00f3n del pedido es por falta de disponibilidad, el consumidor recuperar\u00e1 inmediatamente la suma abonada.<\/p>\n<p><strong>7. LEY APLICABLE Y JURISDICCI\u00d3N<\/strong><\/p>\n<p>Para la resoluci\u00f3n de todas las controversias o cuestiones relacionadas con el presente sitio web o de las actividades en \u00e9l desarrolladas, ser\u00e1 de aplicaci\u00f3n la legislaci\u00f3n espa\u00f1ola, a la que se someten expresamente las partes, siendo competentes para la resoluci\u00f3n de todos los conflictos derivados o relacionados con su uso los Juzgados y Tribunales m\u00e1s cercanos a M\u00e1laga capital.[\/vc_column_text][\/vc_column][\/vc_row]\n","protected":false},"excerpt":{"rendered":"<p>[vc_row type=&#8221;in_container&#8221; full_screen_row_position=&#8221;middle&#8221; column_margin=&#8221;default&#8221; column_direction=&#8221;default&#8221; column_direction_tablet=&#8221;default&#8221; column_direction_phone=&#8221;default&#8221; scene_position=&#8221;center&#8221; text_color=&#8221;dark&#8221; text_align=&#8221;left&#8221; row_border_radius=&#8221;none&#8221; row_border_radius_applies=&#8221;bg&#8221; overlay_strength=&#8221;0.3&#8243; gradient_direction=&#8221;left_to_right&#8221; shape_divider_position=&#8221;bottom&#8221; bg_image_animation=&#8221;none&#8221;][vc_column column_padding=&#8221;no-extra-padding&#8221; column_padding_tablet=&#8221;inherit&#8221; column_padding_phone=&#8221;inherit&#8221; column_padding_position=&#8221;all&#8221; column_element_spacing=&#8221;default&#8221; background_color_opacity=&#8221;1&#8243; background_hover_color_opacity=&#8221;1&#8243; column_shadow=&#8221;none&#8221; column_border_radius=&#8221;none&#8221; column_link_target=&#8221;_self&#8221; gradient_direction=&#8221;left_to_right&#8221; overlay_strength=&#8221;0.3&#8243; width=&#8221;1\/1&#8243; tablet_width_inherit=&#8221;default&#8221;&#8230;<\/p>\n","protected":false},"author":3,"featured_media":0,"parent":0,"menu_order":0,"comment_status":"closed","ping_status":"closed","template":"","meta":{"footnotes":""},"class_list":["post-99","page","type-page","status-publish"],"_links":{"self":[{"href":"https:\/\/shop.andresmerida.com\/en\/wp-json\/wp\/v2\/pages\/99"}],"collection":[{"href":"https:\/\/shop.andresmerida.com\/en\/wp-json\/wp\/v2\/pages"}],"about":[{"href":"https:\/\/shop.andresmerida.com\/en\/wp-json\/wp\/v2\/types\/page"}],"author":[{"embeddable":true,"href":"https:\/\/shop.andresmerida.com\/en\/wp-json\/wp\/v2\/users\/3"}],"replies":[{"embeddable":true,"href":"https:\/\/shop.andresmerida.com\/en\/wp-json\/wp\/v2\/comments?post=99"}],"version-history":[{"count":5,"href":"https:\/\/shop.andresmerida.com\/en\/wp-json\/wp\/v2\/pages\/99\/revisions"}],"predecessor-version":[{"id":453,"href":"https:\/\/shop.andresmerida.com\/en\/wp-json\/wp\/v2\/pages\/99\/revisions\/453"}],"wp:attachment":[{"href":"https:\/\/shop.andresmerida.com\/en\/wp-json\/wp\/v2\/media?parent=99"}],"curies":[{"name":"wp","href":"https:\/\/api.w.org\/{rel}","templated":true}]}}