{"id":1374,"date":"2024-03-22T13:43:59","date_gmt":"2024-03-22T12:43:59","guid":{"rendered":"https:\/\/shop.andresmerida.com\/menina-de-colores-ii\/"},"modified":"2024-03-27T17:21:59","modified_gmt":"2024-03-27T16:21:59","slug":"menina-de-colores-ii","status":"publish","type":"product","link":"https:\/\/shop.andresmerida.com\/en\/menina-de-colores-ii\/","title":{"rendered":"MENINA OF COLORS II"},"content":{"rendered":"<p><img loading=\"lazy\" decoding=\"async\" class=\"alignnone size-full wp-image-1369\" src=\"https:\/\/shop.andresmerida.com\/wp-content\/uploads\/2024\/03\/MENINA-DE-COLORES-II.png\" alt=\"\" width=\"1000\" height=\"1598\" srcset=\"https:\/\/shop.andresmerida.com\/wp-content\/uploads\/2024\/03\/MENINA-DE-COLORES-II.png 1000w, https:\/\/shop.andresmerida.com\/wp-content\/uploads\/2024\/03\/MENINA-DE-COLORES-II-768x1227.png 768w, https:\/\/shop.andresmerida.com\/wp-content\/uploads\/2024\/03\/MENINA-DE-COLORES-II-961x1536.png 961w, https:\/\/shop.andresmerida.com\/wp-content\/uploads\/2024\/03\/MENINA-DE-COLORES-II-600x959.png 600w\" sizes=\"(max-width: 1000px) 100vw, 1000px\" \/><\/p>\n","protected":false},"excerpt":{"rendered":"<p>Un universo dentro de su falda.<\/p>\n<p>Obra realizada digitalmente para su reproducci\u00f3n como obra gr\u00e1fica en diferentes soportes.<\/p>\n<p>Impresi\u00f3n disponible sobre lienzo fotogr\u00e1fico en dos tama\u00f1os y sobre papel German Etching 310 gr en tama\u00f1o A2.<\/p>\n<p>Edici\u00f3n limitada, firmada y con certificado de autenticidad. Env\u00edo a domicilio.<\/p>\n<p>&nbsp;<\/p>\n","protected":false},"featured_media":1370,"template":"","meta":[],"product_cat":[33],"product_tag":[],"class_list":{"0":"post-1374","1":"product","2":"type-product","3":"status-publish","4":"has-post-thumbnail","6":"product_cat-general-en","8":"first","9":"instock","10":"taxable","11":"shipping-taxable","12":"purchasable","13":"product-type-variable"},"_links":{"self":[{"href":"https:\/\/shop.andresmerida.com\/en\/wp-json\/wp\/v2\/product\/1374"}],"collection":[{"href":"https:\/\/shop.andresmerida.com\/en\/wp-json\/wp\/v2\/product"}],"about":[{"href":"https:\/\/shop.andresmerida.com\/en\/wp-json\/wp\/v2\/types\/product"}],"wp:featuredmedia":[{"embeddable":true,"href":"https:\/\/shop.andresmerida.com\/en\/wp-json\/wp\/v2\/media\/1370"}],"wp:attachment":[{"href":"https:\/\/shop.andresmerida.com\/en\/wp-json\/wp\/v2\/media?parent=1374"}],"wp:term":[{"taxonomy":"product_cat","embeddable":true,"href":"https:\/\/shop.andresmerida.com\/en\/wp-json\/wp\/v2\/product_cat?post=1374"},{"taxonomy":"product_tag","embeddable":true,"href":"https:\/\/shop.andresmerida.com\/en\/wp-json\/wp\/v2\/product_tag?post=1374"}],"curies":[{"name":"wp","href":"https:\/\/api.w.org\/{rel}","templated":true}]}}