{"id":1387,"date":"2024-03-25T13:02:22","date_gmt":"2024-03-25T12:02:22","guid":{"rendered":"https:\/\/shop.andresmerida.com\/maestro-del-saxo\/"},"modified":"2024-03-27T17:16:08","modified_gmt":"2024-03-27T16:16:08","slug":"maestro-del-saxo","status":"publish","type":"product","link":"https:\/\/shop.andresmerida.com\/en\/maestro-del-saxo\/","title":{"rendered":"SAXOPHONE MASTER"},"content":{"rendered":"<p><img loading=\"lazy\" decoding=\"async\" class=\"alignnone size-full wp-image-1381\" src=\"https:\/\/shop.andresmerida.com\/wp-content\/uploads\/2024\/03\/MAESTRO-DEL-SAXO-Para-impresion-copia.png\" alt=\"\" width=\"1058\" height=\"1500\" srcset=\"https:\/\/shop.andresmerida.com\/wp-content\/uploads\/2024\/03\/MAESTRO-DEL-SAXO-Para-impresion-copia.png 1058w, https:\/\/shop.andresmerida.com\/wp-content\/uploads\/2024\/03\/MAESTRO-DEL-SAXO-Para-impresion-copia-768x1089.png 768w, https:\/\/shop.andresmerida.com\/wp-content\/uploads\/2024\/03\/MAESTRO-DEL-SAXO-Para-impresion-copia-600x851.png 600w\" sizes=\"(max-width: 1058px) 100vw, 1058px\" \/><\/p>\n","protected":false},"excerpt":{"rendered":"<p>El maestro crea la m\u00fasica con la que realizar\u00e1 la danza con el toro.<\/p>\n<p>Obra realizada digitalmente para su reproducci\u00f3n como obra gr\u00e1fica en diferentes soportes.<\/p>\n<p>Impresi\u00f3n disponible sobre lienzo fotogr\u00e1fico en dos tama\u00f1os y sobre papel German Etching 310 gr en tama\u00f1o A2.<\/p>\n<p>Edici\u00f3n limitada, firmada y con certificado de autenticidad. Env\u00edo a domicilio.<\/p>\n","protected":false},"featured_media":1382,"template":"","meta":[],"product_cat":[33],"product_tag":[],"class_list":{"0":"post-1387","1":"product","2":"type-product","3":"status-publish","4":"has-post-thumbnail","6":"product_cat-general-en","8":"first","9":"instock","10":"taxable","11":"shipping-taxable","12":"purchasable","13":"product-type-variable"},"_links":{"self":[{"href":"https:\/\/shop.andresmerida.com\/en\/wp-json\/wp\/v2\/product\/1387"}],"collection":[{"href":"https:\/\/shop.andresmerida.com\/en\/wp-json\/wp\/v2\/product"}],"about":[{"href":"https:\/\/shop.andresmerida.com\/en\/wp-json\/wp\/v2\/types\/product"}],"wp:featuredmedia":[{"embeddable":true,"href":"https:\/\/shop.andresmerida.com\/en\/wp-json\/wp\/v2\/media\/1382"}],"wp:attachment":[{"href":"https:\/\/shop.andresmerida.com\/en\/wp-json\/wp\/v2\/media?parent=1387"}],"wp:term":[{"taxonomy":"product_cat","embeddable":true,"href":"https:\/\/shop.andresmerida.com\/en\/wp-json\/wp\/v2\/product_cat?post=1387"},{"taxonomy":"product_tag","embeddable":true,"href":"https:\/\/shop.andresmerida.com\/en\/wp-json\/wp\/v2\/product_tag?post=1387"}],"curies":[{"name":"wp","href":"https:\/\/api.w.org\/{rel}","templated":true}]}}