{"id":720,"date":"2021-06-21T11:21:18","date_gmt":"2021-06-21T11:21:18","guid":{"rendered":"https:\/\/shop.andresmerida.com\/producto\/tintorrero\/"},"modified":"2024-02-03T10:52:24","modified_gmt":"2024-02-03T09:52:24","slug":"tintorrero","status":"publish","type":"product","link":"https:\/\/shop.andresmerida.com\/en\/tintorrero\/","title":{"rendered":"TINTORRERO"},"content":{"rendered":"","protected":false},"excerpt":{"rendered":"<p class=\"frase\"><em>&#8220;Trazos y tinto de garabatos&#8221;<\/em><\/p>\n<p>Obra realizada digitalmente para su reproducci\u00f3n como obra gr\u00e1fica en diferentes soportes.<\/p>\n<p>Impresi\u00f3n disponible sobre lienzo fotogr\u00e1fico en dos tama\u00f1os y sobre papel German Etching 310 gr en tama\u00f1o A2.<\/p>\n<p>Edici\u00f3n limitada, firmada y con certificado de autenticidad. Env\u00edo a domicilio.<\/p>\n","protected":false},"featured_media":717,"template":"","meta":[],"product_cat":[32],"product_tag":[],"class_list":{"0":"post-720","1":"product","2":"type-product","3":"status-publish","4":"has-post-thumbnail","6":"product_cat-digital-printing","8":"first","9":"instock","10":"taxable","11":"shipping-taxable","12":"purchasable","13":"product-type-variable","14":"has-default-attributes"},"_links":{"self":[{"href":"https:\/\/shop.andresmerida.com\/en\/wp-json\/wp\/v2\/product\/720"}],"collection":[{"href":"https:\/\/shop.andresmerida.com\/en\/wp-json\/wp\/v2\/product"}],"about":[{"href":"https:\/\/shop.andresmerida.com\/en\/wp-json\/wp\/v2\/types\/product"}],"wp:featuredmedia":[{"embeddable":true,"href":"https:\/\/shop.andresmerida.com\/en\/wp-json\/wp\/v2\/media\/717"}],"wp:attachment":[{"href":"https:\/\/shop.andresmerida.com\/en\/wp-json\/wp\/v2\/media?parent=720"}],"wp:term":[{"taxonomy":"product_cat","embeddable":true,"href":"https:\/\/shop.andresmerida.com\/en\/wp-json\/wp\/v2\/product_cat?post=720"},{"taxonomy":"product_tag","embeddable":true,"href":"https:\/\/shop.andresmerida.com\/en\/wp-json\/wp\/v2\/product_tag?post=720"}],"curies":[{"name":"wp","href":"https:\/\/api.w.org\/{rel}","templated":true}]}}